{"id":1969,"date":"2021-12-29T20:49:00","date_gmt":"2021-12-29T20:49:00","guid":{"rendered":"https:\/\/hivelings.de\/?page_id=1969"},"modified":"2023-12-04T22:14:24","modified_gmt":"2023-12-04T22:14:24","slug":"impressum","status":"publish","type":"page","link":"https:\/\/hivelings.de\/en\/impressum\/","title":{"rendered":"Imprint"},"content":{"rendered":"<div data-elementor-type=\"wp-page\" data-elementor-id=\"1969\" class=\"elementor elementor-1969\" data-elementor-settings=\"{&quot;ha_cmc_init_switcher&quot;:&quot;no&quot;}\">\n\t\t\t\t\t\t<section class=\"elementor-section elementor-top-section elementor-element elementor-element-bd51d9f elementor-section-full_width elementor-section-height-default elementor-section-height-default\" data-id=\"bd51d9f\" data-element_type=\"section\" data-settings=\"{&quot;_ha_eqh_enable&quot;:false}\">\n\t\t\t\t\t\t<div class=\"elementor-container elementor-column-gap-default\">\n\t\t\t\t\t<div class=\"elementor-column elementor-col-100 elementor-top-column elementor-element elementor-element-1b0a44d\" data-id=\"1b0a44d\" data-element_type=\"column\">\n\t\t\t<div class=\"elementor-widget-wrap\">\n\t\t\t\t\t\t\t<\/div>\n\t\t<\/div>\n\t\t\t\t\t<\/div>\n\t\t<\/section>\n\t\t\t\t<section class=\"elementor-section elementor-top-section elementor-element elementor-element-bd56427 elementor-section-boxed elementor-section-height-default elementor-section-height-default\" data-id=\"bd56427\" data-element_type=\"section\" data-settings=\"{&quot;_ha_eqh_enable&quot;:false}\">\n\t\t\t\t\t\t<div class=\"elementor-container elementor-column-gap-default\">\n\t\t\t\t\t<div class=\"elementor-column elementor-col-100 elementor-top-column elementor-element elementor-element-2a5aafc\" data-id=\"2a5aafc\" data-element_type=\"column\">\n\t\t\t<div class=\"elementor-widget-wrap elementor-element-populated\">\n\t\t\t\t\t\t<div class=\"elementor-element elementor-element-37668cb elementor-widget elementor-widget-heading\" data-id=\"37668cb\" data-element_type=\"widget\" data-widget_type=\"heading.default\">\n\t\t\t\t<div class=\"elementor-widget-container\">\n\t\t\t\t\t<h2 class=\"elementor-heading-title elementor-size-default\">Imprint<\/h2>\t\t\t\t<\/div>\n\t\t\t\t<\/div>\n\t\t\t\t\t<\/div>\n\t\t<\/div>\n\t\t\t\t\t<\/div>\n\t\t<\/section>\n\t\t\t\t<section class=\"elementor-section elementor-top-section elementor-element elementor-element-f0bddfa elementor-section-boxed elementor-section-height-default elementor-section-height-default\" data-id=\"f0bddfa\" data-element_type=\"section\" data-settings=\"{&quot;_ha_eqh_enable&quot;:false}\">\n\t\t\t\t\t\t<div class=\"elementor-container elementor-column-gap-default\">\n\t\t\t\t\t<div class=\"elementor-column elementor-col-100 elementor-top-column elementor-element elementor-element-faa7346\" data-id=\"faa7346\" data-element_type=\"column\">\n\t\t\t<div class=\"elementor-widget-wrap elementor-element-populated\">\n\t\t\t\t\t\t<div class=\"elementor-element elementor-element-c855413 elementor-widget elementor-widget-text-editor\" data-id=\"c855413\" data-element_type=\"widget\" data-widget_type=\"text-editor.default\">\n\t\t\t\t<div class=\"elementor-widget-container\">\n\t\t\t\t\t\t\t\t\t<h4>Responsible for the content of the website (information according to \u00a7 5 TMG)<\/h4><p>Hivelings &#8211; F\u00fcr eine bl\u00fchende Zukunft e.V.<br \/>Knielstra\u00dfe 114<br \/>71254 Ditzingen<\/p><p>E-Mail: hallo@hivelings.de<\/p><h4><br \/>Vertreten durch<\/h4><p>Theresa Schaible (1.chairwoman)<br \/>Anna Liedtke (2.chairwoman &amp; treasurer)<\/p><p>Register of associations at Stuttgart Local Court: VR 725369<\/p><p>Steuernummer: 70054\/42891<\/p><h4><br \/>Streitschlichtung<\/h4><p>The European Commission provides a platform for online dispute resolution (OS): https:\/\/ec.europa.eu\/consumers\/odr.\nYou can find our e-mail address in the imprint above.\nWe are not willing or obliged to participate in dispute resolution proceedings before a consumer arbitration board.<br \/>Unsere E-Mail-Adresse finden Sie oben im Impressum.<br \/>Wir sind nicht bereit oder verpflichtet, an Streitbeilegungsverfahren vor einer Verbraucherschlichtungsstelle teilzunehmen.<\/p><h4><br \/>Konzept, Gestaltung und Realisierung<\/h4><p>Corporate Identity Hivelings 2022 erstellt von: Giulia Faoro<\/p><p>Realization by: Simon Liedtke<\/p><h4><br \/>Liability for contents<\/h4><p>As a service provider, we are responsible for our own content on these pages in accordance with \u00a7 7 Para. 1 of the German Telemedia Act (TMG). According to \u00a7\u00a7 8 to 10 TMG, we are not obligated to monitor transmitted or stored information or to investigate circumstances that indicate illegal activity.\nObligations to remove or block the use of information under the general laws remain unaffected. However, liability in this regard is only possible from the point in time at which a concrete infringement of the law becomes known. If we become aware of any such infringements, we will remove the relevant content immediately.<br \/>Verpflichtungen zur Entfernung oder Sperrung der Nutzung von Informationen nach den allgemeinen Gesetzen bleiben hiervon unber\u00fchrt. Eine diesbez\u00fcgliche Haftung ist jedoch erst ab dem Zeitpunkt der Kenntnis einer konkreten Rechtsverletzung m\u00f6glich. Bei Bekanntwerden von entsprechenden Rechtsverletzungen werden wir diese Inhalte umgehend entfernen.<\/p><h4><br \/>Liability for links<\/h4><p>Our offer contains links to external websites of third parties, on whose contents we have no influence. Therefore, we cannot assume any liability for these external contents. The respective provider or operator of the sites is always responsible for the content of the linked sites. The linked pages were checked for possible legal violations at the time of linking. Illegal contents were not recognizable at the time of linking.\nHowever, a permanent control of the contents of the linked pages is not reasonable without concrete evidence of a violation of the law. If we become aware of any infringements, we will remove such links immediately.<br \/>Eine permanente inhaltliche Kontrolle der verlinkten Seiten ist jedoch ohne konkrete Anhaltspunkte einer Rechtsverletzung nicht zumutbar. Bei Bekanntwerden von Rechtsverletzungen werden wir derartige Links umgehend entfernen.<\/p><h4><br \/>Copyright<\/h4><p>The contents and works created by the site operators on these pages are subject to German copyright law. Duplication, processing, distribution, or any form of commercialization of such material beyond the scope of the copyright law shall require the prior written consent of its respective author or creator. Downloads and copies of this site are only permitted for private, non-commercial use.<\/p><p>Insofar as the content on this site was not created by the operator, the copyrights of third parties are respected. In particular, third-party content is identified as such. Should you nevertheless become aware of a copyright infringement, please inform us accordingly. If we become aware of any infringements, we will remove such content immediately.\n\nPlease inform us, if you have any questions or suggestions regarding this translation.<\/p>\t\t\t\t\t\t\t\t<\/div>\n\t\t\t\t<\/div>\n\t\t\t\t\t<\/div>\n\t\t<\/div>\n\t\t\t\t\t<\/div>\n\t\t<\/section>\n\t\t\t\t<section class=\"elementor-section elementor-top-section elementor-element elementor-element-4772358 elementor-section-height-min-height panel elementor-section-full_width elementor-section-items-top elementor-section-content-top elementor-section-height-default\" data-id=\"4772358\" data-element_type=\"section\" data-settings=\"{&quot;background_background&quot;:&quot;classic&quot;,&quot;_ha_eqh_enable&quot;:false}\">\n\t\t\t\t\t\t<div class=\"elementor-container elementor-column-gap-default\">\n\t\t\t\t\t<div class=\"elementor-column elementor-col-20 elementor-top-column elementor-element elementor-element-a4566f7 elementor-hidden-mobile\" data-id=\"a4566f7\" data-element_type=\"column\">\n\t\t\t<div class=\"elementor-widget-wrap\">\n\t\t\t\t\t\t\t<\/div>\n\t\t<\/div>\n\t\t\t\t<div class=\"elementor-column elementor-col-20 elementor-top-column elementor-element elementor-element-26c7758\" data-id=\"26c7758\" data-element_type=\"column\">\n\t\t\t<div class=\"elementor-widget-wrap elementor-element-populated\">\n\t\t\t\t\t\t<div class=\"elementor-element elementor-element-8e43f21 elementor-widget elementor-widget-image\" data-id=\"8e43f21\" data-element_type=\"widget\" data-widget_type=\"image.default\">\n\t\t\t\t<div class=\"elementor-widget-container\">\n\t\t\t\t\t\t\t\t\t\t\t\t\t\t\t\t<a href=\"https:\/\/hivelings.de\/en\/\">\n\t\t\t\t\t\t\t<img decoding=\"async\" src=\"https:\/\/hivelings.de\/wp-content\/uploads\/elementor\/thumbs\/Hivelings_Logo-300x300-1-piv3eurvrwca2fvc29ehj2c53mvrwwizndoi7lkvqw.png\" title=\"Hivelings_Logo-300300\" alt=\"Hivelings_Logo-300300\" loading=\"lazy\" \/>\t\t\t\t\t\t\t\t<\/a>\n\t\t\t\t\t\t\t\t\t\t\t\t\t\t\t<\/div>\n\t\t\t\t<\/div>\n\t\t\t\t\t<\/div>\n\t\t<\/div>\n\t\t\t\t<div class=\"elementor-column elementor-col-20 elementor-top-column elementor-element elementor-element-b2c4663\" data-id=\"b2c4663\" data-element_type=\"column\">\n\t\t\t<div class=\"elementor-widget-wrap elementor-element-populated\">\n\t\t\t\t\t\t<div class=\"elementor-element elementor-element-0446ca7 elementor-widget elementor-widget-heading\" data-id=\"0446ca7\" data-element_type=\"widget\" data-widget_type=\"heading.default\">\n\t\t\t\t<div class=\"elementor-widget-container\">\n\t\t\t\t\t<h2 class=\"elementor-heading-title elementor-size-default\">Contact<\/h2>\t\t\t\t<\/div>\n\t\t\t\t<\/div>\n\t\t\t\t<div class=\"elementor-element elementor-element-c471dae elementor-widget elementor-widget-text-editor\" data-id=\"c471dae\" data-element_type=\"widget\" data-widget_type=\"text-editor.default\">\n\t\t\t\t<div class=\"elementor-widget-container\">\n\t\t\t\t\t\t\t\t\t<span style=\"color: var( --e-global-color-secondary ); font-weight: var( --e-global-typography-text-font-weight ); font-size: var(--global--font-size-base);\">Hivelings &#8211; f\u00fcr eine bl\u00fchende Zukunft e.V.<\/span> <br>\nE-Mail: <a href=\"mailto:hallo@hivelings.com\" target=\"hallo@hivelings.com\" rel=\"noopener\">hallo@hivelings.com<\/a>\t\t\t\t\t\t\t\t<\/div>\n\t\t\t\t<\/div>\n\t\t\t\t<div class=\"elementor-element elementor-element-00b9898 elementor-widget elementor-widget-heading\" data-id=\"00b9898\" data-element_type=\"widget\" data-widget_type=\"heading.default\">\n\t\t\t\t<div class=\"elementor-widget-container\">\n\t\t\t\t\t<h2 class=\"elementor-heading-title elementor-size-default\">Donation account<\/h2>\t\t\t\t<\/div>\n\t\t\t\t<\/div>\n\t\t\t\t<div class=\"elementor-element elementor-element-aabf54d elementor-widget elementor-widget-text-editor\" data-id=\"aabf54d\" data-element_type=\"widget\" data-widget_type=\"text-editor.default\">\n\t\t\t\t<div class=\"elementor-widget-container\">\n\t\t\t\t\t\t\t\t\t<p>Kreissparkasse Ludwigsburg<br \/>IBAN: DE73 6045 0050 0030 2246 12<br \/>BIC: SOLADES1LBG<\/p>\t\t\t\t\t\t\t\t<\/div>\n\t\t\t\t<\/div>\n\t\t\t\t\t<\/div>\n\t\t<\/div>\n\t\t\t\t<div class=\"elementor-column elementor-col-20 elementor-top-column elementor-element elementor-element-2f21a30\" data-id=\"2f21a30\" data-element_type=\"column\">\n\t\t\t<div class=\"elementor-widget-wrap elementor-element-populated\">\n\t\t\t\t\t\t<div class=\"elementor-element elementor-element-2b564b5 elementor-widget elementor-widget-heading\" data-id=\"2b564b5\" data-element_type=\"widget\" data-widget_type=\"heading.default\">\n\t\t\t\t<div class=\"elementor-widget-container\">\n\t\t\t\t\t<h2 class=\"elementor-heading-title elementor-size-default\">Follow us<\/h2>\t\t\t\t<\/div>\n\t\t\t\t<\/div>\n\t\t\t\t<div class=\"elementor-element elementor-element-c5caaf8 e-grid-align-left elementor-shape-rounded elementor-grid-0 elementor-widget elementor-widget-social-icons\" data-id=\"c5caaf8\" data-element_type=\"widget\" data-widget_type=\"social-icons.default\">\n\t\t\t\t<div class=\"elementor-widget-container\">\n\t\t\t\t\t\t\t<div class=\"elementor-social-icons-wrapper elementor-grid\">\n\t\t\t\t\t\t\t<span class=\"elementor-grid-item\">\n\t\t\t\t\t<a class=\"elementor-icon elementor-social-icon elementor-social-icon-instagram elementor-repeater-item-aea9a23\" href=\"https:\/\/instagram.com\/bienenpatenschaft_mexiko?utm_medium=copy_link\" target=\"_blank\">\n\t\t\t\t\t\t<span class=\"elementor-screen-only\">Instagram<\/span>\n\t\t\t\t\t\t<i class=\"fab fa-instagram\"><\/i>\t\t\t\t\t<\/a>\n\t\t\t\t<\/span>\n\t\t\t\t\t\t\t<span class=\"elementor-grid-item\">\n\t\t\t\t\t<a class=\"elementor-icon elementor-social-icon elementor-social-icon-facebook elementor-repeater-item-c34c8f2\" href=\"https:\/\/www.facebook.com\/hivelings\/\" target=\"_blank\">\n\t\t\t\t\t\t<span class=\"elementor-screen-only\">Facebook<\/span>\n\t\t\t\t\t\t<i class=\"fab fa-facebook\"><\/i>\t\t\t\t\t<\/a>\n\t\t\t\t<\/span>\n\t\t\t\t\t<\/div>\n\t\t\t\t\t\t<\/div>\n\t\t\t\t<\/div>\n\t\t\t\t<div class=\"elementor-element elementor-element-2951958 elementor-hidden-desktop elementor-widget elementor-widget-text-editor\" data-id=\"2951958\" data-element_type=\"widget\" data-widget_type=\"text-editor.default\">\n\t\t\t\t<div class=\"elementor-widget-container\">\n\t\t\t\t\t\t\t\t\t<p><a href=\"https:\/\/hivelings.de\/en\/Impressum\/\">Imprint<\/a><br \/><a href=\"https:\/\/hivelings.de\/en\/datenschutz\/\">Privacy<\/a><br \/>Manage privacy<br \/>\u00a92022 Hivelings e.V.<\/p>\t\t\t\t\t\t\t\t<\/div>\n\t\t\t\t<\/div>\n\t\t\t\t\t<\/div>\n\t\t<\/div>\n\t\t\t\t<div class=\"elementor-column elementor-col-20 elementor-top-column elementor-element elementor-element-1654aff elementor-hidden-tablet elementor-hidden-mobile\" data-id=\"1654aff\" data-element_type=\"column\">\n\t\t\t<div class=\"elementor-widget-wrap elementor-element-populated\">\n\t\t\t\t\t\t<div class=\"elementor-element elementor-element-56fdaad elementor-widget elementor-widget-heading\" data-id=\"56fdaad\" data-element_type=\"widget\" data-widget_type=\"heading.default\">\n\t\t\t\t<div class=\"elementor-widget-container\">\n\t\t\t\t\t<h2 class=\"elementor-heading-title elementor-size-default\">Navigation<\/h2>\t\t\t\t<\/div>\n\t\t\t\t<\/div>\n\t\t\t\t<div class=\"elementor-element elementor-element-fe68a57 elementor-widget elementor-widget-text-editor\" data-id=\"fe68a57\" data-element_type=\"widget\" data-widget_type=\"text-editor.default\">\n\t\t\t\t<div class=\"elementor-widget-container\">\n\t\t\t\t\t\t\t\t\t<p><a href=\"https:\/\/hivelings.de\/en\/impressum\/\">Imprint<\/a><\/p><p><a href=\"https:\/\/hivelings.de\/en\/datenschutz\/\">Privacy<\/a><\/p><p>\u00a92023 Hivelings e.V.<\/p>\t\t\t\t\t\t\t\t<\/div>\n\t\t\t\t<\/div>\n\t\t\t\t<div class=\"elementor-element elementor-element-e04d769 elementor-view-framed elementor-shape-square elementor-widget elementor-widget-icon\" data-id=\"e04d769\" data-element_type=\"widget\" data-widget_type=\"icon.default\">\n\t\t\t\t<div class=\"elementor-widget-container\">\n\t\t\t\t\t\t\t<div class=\"elementor-icon-wrapper\">\n\t\t\t<a class=\"elementor-icon\" href=\"#top\">\n\t\t\t<i aria-hidden=\"true\" class=\"fas fa-angle-up\"><\/i>\t\t\t<\/a>\n\t\t<\/div>\n\t\t\t\t\t\t<\/div>\n\t\t\t\t<\/div>\n\t\t\t\t\t<\/div>\n\t\t<\/div>\n\t\t\t\t\t<\/div>\n\t\t<\/section>\n\t\t\t\t<\/div>","protected":false},"excerpt":{"rendered":"<p>Impressum Verantwortlich f\u00fcr den Inhalt der Website (Angaben gem\u00e4\u00df \u00a7 5 TMG) Hivelings &#8211; F\u00fcr eine bl\u00fchende Zukunft e.V.Knielstra\u00dfe 11471254 Ditzingen E-Mail: hallo@hivelings.de Vertreten durch Theresa Schaible (1.Vorsitzende)Anna Liedtke (2.Vorsitzende &amp; Kassenw\u00e4rtin) Vereinsregister Amtsgericht Stuttgart: VR 725369 Steuernummer: 70054\/42891 Streitschlichtung Die Europ\u00e4ische Kommission stellt eine Plattform zur Online-Streitbeilegung (OS) bereit: https:\/\/ec.europa.eu\/consumers\/odr.Unsere E-Mail-Adresse finden Sie oben [&hellip;]<\/p>\n","protected":false},"author":1,"featured_media":0,"parent":0,"menu_order":0,"comment_status":"closed","ping_status":"closed","template":"elementor_canvas","meta":{"footnotes":""},"yoast_head":"<!-- This site is optimized with the Yoast SEO plugin v22.6 - https:\/\/yoast.com\/wordpress\/plugins\/seo\/ -->\n<title>Impressum<\/title>\n<meta name=\"description\" content=\"Honig - Wir alle kennen und lieben ihn. Trotzdem wissen wir oft gar nicht wieviel mexikanischen Honig wir konsumieren und was das f\u00fcr negative Konsequenzen hat. Bienensterben und Armut sind nur zwei der Facetten, die unbewusster Honiggenuss mit sich bringt. Deswegen wollen wir die Sicht auf Honig umkrempeln!Mit deiner Hilfe f\u00f6rdern wir den Erhalt der globalen Bienenpopulation und der wesensgerechten Imkerei in Mexiko. Werde Teil und und hilf eine langfristige Existenzgrundlage f\u00fcr Familien zu schaffen.\" \/>\n<meta name=\"robots\" content=\"index, follow, max-snippet:-1, max-image-preview:large, max-video-preview:-1\" \/>\n<link rel=\"canonical\" href=\"https:\/\/hivelings.de\/en\/impressum\/\" \/>\n<meta property=\"og:locale\" content=\"en_US\" \/>\n<meta property=\"og:type\" content=\"article\" \/>\n<meta property=\"og:title\" content=\"Impressum\" \/>\n<meta property=\"og:description\" content=\"Honig - Wir alle kennen und lieben ihn. Trotzdem wissen wir oft gar nicht wieviel mexikanischen Honig wir konsumieren und was das f\u00fcr negative Konsequenzen hat. Bienensterben und Armut sind nur zwei der Facetten, die unbewusster Honiggenuss mit sich bringt. Deswegen wollen wir die Sicht auf Honig umkrempeln!Mit deiner Hilfe f\u00f6rdern wir den Erhalt der globalen Bienenpopulation und der wesensgerechten Imkerei in Mexiko. Werde Teil und und hilf eine langfristige Existenzgrundlage f\u00fcr Familien zu schaffen.\" \/>\n<meta property=\"og:url\" content=\"https:\/\/hivelings.de\/en\/impressum\/\" \/>\n<meta property=\"og:site_name\" content=\"Hivelings\" \/>\n<meta property=\"article:modified_time\" content=\"2023-12-04T22:14:24+00:00\" \/>\n<meta property=\"og:image\" content=\"https:\/\/hivelings.de\/wp-content\/uploads\/elementor\/thumbs\/Hivelings_Logo-300x300-1-piv3eurvrwca2fvc29ehj2c53mvrwwizndoi2myry8.png\" \/>\n<meta name=\"twitter:card\" content=\"summary_large_image\" \/>\n<meta name=\"twitter:label1\" content=\"Est. reading time\" \/>\n\t<meta name=\"twitter:data1\" content=\"3 minutes\" \/>\n<script type=\"application\/ld+json\" class=\"yoast-schema-graph\">{\"@context\":\"https:\/\/schema.org\",\"@graph\":[{\"@type\":\"WebPage\",\"@id\":\"https:\/\/hivelings.de\/impressum\/\",\"url\":\"https:\/\/hivelings.de\/impressum\/\",\"name\":\"Impressum\",\"isPartOf\":{\"@id\":\"https:\/\/hivelings.de\/#website\"},\"primaryImageOfPage\":{\"@id\":\"https:\/\/hivelings.de\/impressum\/#primaryimage\"},\"image\":{\"@id\":\"https:\/\/hivelings.de\/impressum\/#primaryimage\"},\"thumbnailUrl\":\"https:\/\/hivelings.de\/wp-content\/uploads\/elementor\/thumbs\/Hivelings_Logo-300x300-1-piv3eurvrwca2fvc29ehj2c53mvrwwizndoi2myry8.png\",\"datePublished\":\"2021-12-29T20:49:00+00:00\",\"dateModified\":\"2023-12-04T22:14:24+00:00\",\"description\":\"Honig - Wir alle kennen und lieben ihn. Trotzdem wissen wir oft gar nicht wieviel mexikanischen Honig wir konsumieren und was das f\u00fcr negative Konsequenzen hat. Bienensterben und Armut sind nur zwei der Facetten, die unbewusster Honiggenuss mit sich bringt. Deswegen wollen wir die Sicht auf Honig umkrempeln!Mit deiner Hilfe f\u00f6rdern wir den Erhalt der globalen Bienenpopulation und der wesensgerechten Imkerei in Mexiko. Werde Teil und und hilf eine langfristige Existenzgrundlage f\u00fcr Familien zu schaffen.\",\"breadcrumb\":{\"@id\":\"https:\/\/hivelings.de\/impressum\/#breadcrumb\"},\"inLanguage\":\"en-US\",\"potentialAction\":[{\"@type\":\"ReadAction\",\"target\":[\"https:\/\/hivelings.de\/impressum\/\"]}]},{\"@type\":\"ImageObject\",\"inLanguage\":\"en-US\",\"@id\":\"https:\/\/hivelings.de\/impressum\/#primaryimage\",\"url\":\"https:\/\/hivelings.de\/wp-content\/uploads\/elementor\/thumbs\/Hivelings_Logo-300x300-1-piv3eurvrwca2fvc29ehj2c53mvrwwizndoi2myry8.png\",\"contentUrl\":\"https:\/\/hivelings.de\/wp-content\/uploads\/elementor\/thumbs\/Hivelings_Logo-300x300-1-piv3eurvrwca2fvc29ehj2c53mvrwwizndoi2myry8.png\"},{\"@type\":\"BreadcrumbList\",\"@id\":\"https:\/\/hivelings.de\/impressum\/#breadcrumb\",\"itemListElement\":[{\"@type\":\"ListItem\",\"position\":1,\"name\":\"Startseite\",\"item\":\"https:\/\/hivelings.de\/\"},{\"@type\":\"ListItem\",\"position\":2,\"name\":\"Impressum\"}]},{\"@type\":\"WebSite\",\"@id\":\"https:\/\/hivelings.de\/#website\",\"url\":\"https:\/\/hivelings.de\/\",\"name\":\"Hivelings\",\"description\":\"f\u00fcr eine bl\u00fchende Zukunft\",\"publisher\":{\"@id\":\"https:\/\/hivelings.de\/#organization\"},\"potentialAction\":[{\"@type\":\"SearchAction\",\"target\":{\"@type\":\"EntryPoint\",\"urlTemplate\":\"https:\/\/hivelings.de\/?s={search_term_string}\"},\"query-input\":\"required name=search_term_string\"}],\"inLanguage\":\"en-US\"},{\"@type\":\"Organization\",\"@id\":\"https:\/\/hivelings.de\/#organization\",\"name\":\"Hivelings\",\"url\":\"https:\/\/hivelings.de\/\",\"logo\":{\"@type\":\"ImageObject\",\"inLanguage\":\"en-US\",\"@id\":\"https:\/\/hivelings.de\/#\/schema\/logo\/image\/\",\"url\":\"https:\/\/hivelings.de\/wp-content\/uploads\/2022\/01\/Hivelings_Logo-300x300-1.png\",\"contentUrl\":\"https:\/\/hivelings.de\/wp-content\/uploads\/2022\/01\/Hivelings_Logo-300x300-1.png\",\"width\":300,\"height\":300,\"caption\":\"Hivelings\"},\"image\":{\"@id\":\"https:\/\/hivelings.de\/#\/schema\/logo\/image\/\"}}]}<\/script>\n<!-- \/ Yoast SEO plugin. -->","yoast_head_json":{"title":"Imprint","description":"Honig - Wir alle kennen und lieben ihn. Trotzdem wissen wir oft gar nicht wieviel mexikanischen Honig wir konsumieren und was das f\u00fcr negative Konsequenzen hat. Bienensterben und Armut sind nur zwei der Facetten, die unbewusster Honiggenuss mit sich bringt. Deswegen wollen wir die Sicht auf Honig umkrempeln!Mit deiner Hilfe f\u00f6rdern wir den Erhalt der globalen Bienenpopulation und der wesensgerechten Imkerei in Mexiko. Werde Teil und und hilf eine langfristige Existenzgrundlage f\u00fcr Familien zu schaffen.","robots":{"index":"index","follow":"follow","max-snippet":"max-snippet:-1","max-image-preview":"max-image-preview:large","max-video-preview":"max-video-preview:-1"},"canonical":"https:\/\/hivelings.de\/en\/impressum\/","og_locale":"en_US","og_type":"article","og_title":"Impressum","og_description":"Honig - Wir alle kennen und lieben ihn. Trotzdem wissen wir oft gar nicht wieviel mexikanischen Honig wir konsumieren und was das f\u00fcr negative Konsequenzen hat. Bienensterben und Armut sind nur zwei der Facetten, die unbewusster Honiggenuss mit sich bringt. Deswegen wollen wir die Sicht auf Honig umkrempeln!Mit deiner Hilfe f\u00f6rdern wir den Erhalt der globalen Bienenpopulation und der wesensgerechten Imkerei in Mexiko. Werde Teil und und hilf eine langfristige Existenzgrundlage f\u00fcr Familien zu schaffen.","og_url":"https:\/\/hivelings.de\/en\/impressum\/","og_site_name":"Hivelings","article_modified_time":"2023-12-04T22:14:24+00:00","og_image":[{"url":"https:\/\/hivelings.de\/wp-content\/uploads\/elementor\/thumbs\/Hivelings_Logo-300x300-1-piv3eurvrwca2fvc29ehj2c53mvrwwizndoi2myry8.png"}],"twitter_card":"summary_large_image","twitter_misc":{"Est. reading time":"3 minutes"},"schema":{"@context":"https:\/\/schema.org","@graph":[{"@type":"WebPage","@id":"https:\/\/hivelings.de\/impressum\/","url":"https:\/\/hivelings.de\/impressum\/","name":"Imprint","isPartOf":{"@id":"https:\/\/hivelings.de\/#website"},"primaryImageOfPage":{"@id":"https:\/\/hivelings.de\/impressum\/#primaryimage"},"image":{"@id":"https:\/\/hivelings.de\/impressum\/#primaryimage"},"thumbnailUrl":"https:\/\/hivelings.de\/wp-content\/uploads\/elementor\/thumbs\/Hivelings_Logo-300x300-1-piv3eurvrwca2fvc29ehj2c53mvrwwizndoi2myry8.png","datePublished":"2021-12-29T20:49:00+00:00","dateModified":"2023-12-04T22:14:24+00:00","description":"Honig - Wir alle kennen und lieben ihn. Trotzdem wissen wir oft gar nicht wieviel mexikanischen Honig wir konsumieren und was das f\u00fcr negative Konsequenzen hat. Bienensterben und Armut sind nur zwei der Facetten, die unbewusster Honiggenuss mit sich bringt. Deswegen wollen wir die Sicht auf Honig umkrempeln!Mit deiner Hilfe f\u00f6rdern wir den Erhalt der globalen Bienenpopulation und der wesensgerechten Imkerei in Mexiko. Werde Teil und und hilf eine langfristige Existenzgrundlage f\u00fcr Familien zu schaffen.","breadcrumb":{"@id":"https:\/\/hivelings.de\/impressum\/#breadcrumb"},"inLanguage":"en-US","potentialAction":[{"@type":"ReadAction","target":["https:\/\/hivelings.de\/impressum\/"]}]},{"@type":"ImageObject","inLanguage":"en-US","@id":"https:\/\/hivelings.de\/impressum\/#primaryimage","url":"https:\/\/hivelings.de\/wp-content\/uploads\/elementor\/thumbs\/Hivelings_Logo-300x300-1-piv3eurvrwca2fvc29ehj2c53mvrwwizndoi2myry8.png","contentUrl":"https:\/\/hivelings.de\/wp-content\/uploads\/elementor\/thumbs\/Hivelings_Logo-300x300-1-piv3eurvrwca2fvc29ehj2c53mvrwwizndoi2myry8.png"},{"@type":"BreadcrumbList","@id":"https:\/\/hivelings.de\/impressum\/#breadcrumb","itemListElement":[{"@type":"ListItem","position":1,"name":"Startseite","item":"https:\/\/hivelings.de\/"},{"@type":"ListItem","position":2,"name":"Impressum"}]},{"@type":"WebSite","@id":"https:\/\/hivelings.de\/#website","url":"https:\/\/hivelings.de\/","name":"Hivelings","description":"f\u00fcr eine bl\u00fchende Zukunft","publisher":{"@id":"https:\/\/hivelings.de\/#organization"},"potentialAction":[{"@type":"SearchAction","target":{"@type":"EntryPoint","urlTemplate":"https:\/\/hivelings.de\/?s={search_term_string}"},"query-input":"required name=search_term_string"}],"inLanguage":"en-US"},{"@type":"Organization","@id":"https:\/\/hivelings.de\/#organization","name":"Hivelings","url":"https:\/\/hivelings.de\/","logo":{"@type":"ImageObject","inLanguage":"en-US","@id":"https:\/\/hivelings.de\/#\/schema\/logo\/image\/","url":"https:\/\/hivelings.de\/wp-content\/uploads\/2022\/01\/Hivelings_Logo-300x300-1.png","contentUrl":"https:\/\/hivelings.de\/wp-content\/uploads\/2022\/01\/Hivelings_Logo-300x300-1.png","width":300,"height":300,"caption":"Hivelings"},"image":{"@id":"https:\/\/hivelings.de\/#\/schema\/logo\/image\/"}}]}},"_links":{"self":[{"href":"https:\/\/hivelings.de\/en\/wp-json\/wp\/v2\/pages\/1969"}],"collection":[{"href":"https:\/\/hivelings.de\/en\/wp-json\/wp\/v2\/pages"}],"about":[{"href":"https:\/\/hivelings.de\/en\/wp-json\/wp\/v2\/types\/page"}],"author":[{"embeddable":true,"href":"https:\/\/hivelings.de\/en\/wp-json\/wp\/v2\/users\/1"}],"replies":[{"embeddable":true,"href":"https:\/\/hivelings.de\/en\/wp-json\/wp\/v2\/comments?post=1969"}],"version-history":[{"count":45,"href":"https:\/\/hivelings.de\/en\/wp-json\/wp\/v2\/pages\/1969\/revisions"}],"predecessor-version":[{"id":3454,"href":"https:\/\/hivelings.de\/en\/wp-json\/wp\/v2\/pages\/1969\/revisions\/3454"}],"wp:attachment":[{"href":"https:\/\/hivelings.de\/en\/wp-json\/wp\/v2\/media?parent=1969"}],"curies":[{"name":"wp","href":"https:\/\/api.w.org\/{rel}","templated":true}]}}