{"id":44,"date":"2021-07-24T11:50:00","date_gmt":"2021-07-24T11:50:00","guid":{"rendered":"http:\/\/hivelings.de\/?page_id=44"},"modified":"2023-12-04T22:15:12","modified_gmt":"2023-12-04T22:15:12","slug":"mehr-als-honig","status":"publish","type":"page","link":"https:\/\/hivelings.de\/en\/mehr-als-honig\/","title":{"rendered":"More than honey"},"content":{"rendered":"<div data-elementor-type=\"wp-page\" data-elementor-id=\"44\" class=\"elementor elementor-44\" data-elementor-settings=\"{&quot;ha_cmc_init_switcher&quot;:&quot;no&quot;}\">\n\t\t\t\t\t\t<section class=\"elementor-section elementor-top-section elementor-element elementor-element-76d5517 elementor-section-full_width elementor-section-height-full elementor-section-stretched panel elementor-section-items-top elementor-section-height-default\" data-id=\"76d5517\" data-element_type=\"section\" data-settings=\"{&quot;background_background&quot;:&quot;classic&quot;,&quot;stretch_section&quot;:&quot;section-stretched&quot;,&quot;_ha_eqh_enable&quot;:false}\">\n\t\t\t\t\t\t<div class=\"elementor-container elementor-column-gap-default\">\n\t\t\t\t\t<div class=\"elementor-column elementor-col-100 elementor-top-column elementor-element elementor-element-318c84a\" data-id=\"318c84a\" data-element_type=\"column\">\n\t\t\t<div class=\"elementor-widget-wrap elementor-element-populated\">\n\t\t\t\t\t\t<section class=\"elementor-section elementor-inner-section elementor-element elementor-element-d2ea5ab elementor-section-full_width elementor-section-height-default elementor-section-height-default\" data-id=\"d2ea5ab\" data-element_type=\"section\" data-settings=\"{&quot;_ha_eqh_enable&quot;:false}\">\n\t\t\t\t\t\t<div class=\"elementor-container elementor-column-gap-default\">\n\t\t\t\t\t<div class=\"elementor-column elementor-col-50 elementor-inner-column elementor-element elementor-element-7f2f3c2\" data-id=\"7f2f3c2\" data-element_type=\"column\">\n\t\t\t<div class=\"elementor-widget-wrap elementor-element-populated\">\n\t\t\t\t\t\t<div class=\"elementor-element elementor-element-3427990 elementor-widget elementor-widget-image\" data-id=\"3427990\" data-element_type=\"widget\" data-widget_type=\"image.default\">\n\t\t\t\t<div class=\"elementor-widget-container\">\n\t\t\t\t\t\t\t\t\t\t\t\t\t\t\t\t<a href=\"http:\/\/hivelings.de\/en\/\">\n\t\t\t\t\t\t\t<img fetchpriority=\"high\" decoding=\"async\" width=\"800\" height=\"800\" src=\"https:\/\/hivelings.de\/wp-content\/uploads\/2021\/07\/cropped-Hivelings-Logo-creme-e1640443298269-1024x1024.png\" class=\"attachment-large size-large wp-image-343\" alt=\"\" srcset=\"https:\/\/hivelings.de\/wp-content\/uploads\/2021\/07\/cropped-Hivelings-Logo-creme-e1640443298269-1024x1024.png 1024w, https:\/\/hivelings.de\/wp-content\/uploads\/2021\/07\/cropped-Hivelings-Logo-creme-e1640443298269-300x300.png 300w, https:\/\/hivelings.de\/wp-content\/uploads\/2021\/07\/cropped-Hivelings-Logo-creme-e1640443298269-100x100.png 100w, https:\/\/hivelings.de\/wp-content\/uploads\/2021\/07\/cropped-Hivelings-Logo-creme-e1640443298269-600x600.png 600w, https:\/\/hivelings.de\/wp-content\/uploads\/2021\/07\/cropped-Hivelings-Logo-creme-e1640443298269-150x150.png 150w, https:\/\/hivelings.de\/wp-content\/uploads\/2021\/07\/cropped-Hivelings-Logo-creme-e1640443298269-768x768.png 768w, https:\/\/hivelings.de\/wp-content\/uploads\/2021\/07\/cropped-Hivelings-Logo-creme-e1640443298269-1536x1536.png 1536w, https:\/\/hivelings.de\/wp-content\/uploads\/2021\/07\/cropped-Hivelings-Logo-creme-e1640443298269-2048x2048.png 2048w, https:\/\/hivelings.de\/wp-content\/uploads\/2021\/07\/cropped-Hivelings-Logo-creme-e1640443298269-1568x1567.png 1568w\" sizes=\"(max-width: 800px) 100vw, 800px\" \/>\t\t\t\t\t\t\t\t<\/a>\n\t\t\t\t\t\t\t\t\t\t\t\t\t\t\t<\/div>\n\t\t\t\t<\/div>\n\t\t\t\t\t<\/div>\n\t\t<\/div>\n\t\t\t\t<div class=\"elementor-column elementor-col-50 elementor-inner-column elementor-element elementor-element-01b567f elementor-hidden-mobile\" data-id=\"01b567f\" data-element_type=\"column\">\n\t\t\t<div class=\"elementor-widget-wrap\">\n\t\t\t\t\t\t\t<\/div>\n\t\t<\/div>\n\t\t\t\t\t<\/div>\n\t\t<\/section>\n\t\t\t\t<div class=\"elementor-element elementor-element-35fd6c3 elementor-widget elementor-widget-spacer\" data-id=\"35fd6c3\" data-element_type=\"widget\" data-widget_type=\"spacer.default\">\n\t\t\t\t<div class=\"elementor-widget-container\">\n\t\t\t\t\t\t\t<div class=\"elementor-spacer\">\n\t\t\t<div class=\"elementor-spacer-inner\"><\/div>\n\t\t<\/div>\n\t\t\t\t\t\t<\/div>\n\t\t\t\t<\/div>\n\t\t\t\t<section class=\"elementor-section elementor-inner-section elementor-element elementor-element-efb892e elementor-section-height-min-height elementor-section-boxed elementor-section-height-default\" data-id=\"efb892e\" data-element_type=\"section\" data-settings=\"{&quot;_ha_eqh_enable&quot;:false}\">\n\t\t\t\t\t\t<div class=\"elementor-container elementor-column-gap-default\">\n\t\t\t\t\t<div class=\"elementor-column elementor-col-33 elementor-inner-column elementor-element elementor-element-7352f73\" data-id=\"7352f73\" data-element_type=\"column\">\n\t\t\t<div class=\"elementor-widget-wrap\">\n\t\t\t\t\t\t\t<\/div>\n\t\t<\/div>\n\t\t\t\t<div class=\"elementor-column elementor-col-33 elementor-inner-column elementor-element elementor-element-4b6e356\" data-id=\"4b6e356\" data-element_type=\"column\">\n\t\t\t<div class=\"elementor-widget-wrap elementor-element-populated\">\n\t\t\t\t\t\t<div class=\"elementor-element elementor-element-086c95b elementor-widget elementor-widget-heading\" data-id=\"086c95b\" data-element_type=\"widget\" data-widget_type=\"heading.default\">\n\t\t\t\t<div class=\"elementor-widget-container\">\n\t\t\t\t\t<h2 class=\"elementor-heading-title elementor-size-default\">Coming Soon!<\/h2>\t\t\t\t<\/div>\n\t\t\t\t<\/div>\n\t\t\t\t<div class=\"elementor-element elementor-element-e610068 elementor-align-center elementor-widget elementor-widget-button\" data-id=\"e610068\" data-element_type=\"widget\" data-widget_type=\"button.default\">\n\t\t\t\t<div class=\"elementor-widget-container\">\n\t\t\t\t\t\t\t\t\t<div class=\"elementor-button-wrapper\">\n\t\t\t\t\t<a class=\"elementor-button elementor-button-link elementor-size-md\" href=\"https:\/\/hivelings.de\/en\/ueber-uns\/\">\n\t\t\t\t\t\t<span class=\"elementor-button-content-wrapper\">\n\t\t\t\t\t\t\t\t\t<span class=\"elementor-button-text\">Learn more about Hivelings<\/span>\n\t\t\t\t\t<\/span>\n\t\t\t\t\t<\/a>\n\t\t\t\t<\/div>\n\t\t\t\t\t\t\t\t<\/div>\n\t\t\t\t<\/div>\n\t\t\t\t\t<\/div>\n\t\t<\/div>\n\t\t\t\t<div class=\"elementor-column elementor-col-33 elementor-inner-column elementor-element elementor-element-88caee2\" data-id=\"88caee2\" data-element_type=\"column\">\n\t\t\t<div class=\"elementor-widget-wrap elementor-element-populated\">\n\t\t\t\t\t\t<div class=\"elementor-element elementor-element-d40336b elementor-hidden-mobile elementor-widget elementor-widget-image\" data-id=\"d40336b\" data-element_type=\"widget\" data-widget_type=\"image.default\">\n\t\t\t\t<div class=\"elementor-widget-container\">\n\t\t\t\t\t\t\t\t\t\t\t\t\t\t\t<img decoding=\"async\" width=\"150\" height=\"150\" src=\"https:\/\/hivelings.de\/wp-content\/uploads\/2022\/01\/HIV_UU-Biene-150x150.png\" class=\"attachment-thumbnail size-thumbnail wp-image-2469\" alt=\"\" srcset=\"https:\/\/hivelings.de\/wp-content\/uploads\/2022\/01\/HIV_UU-Biene-150x150.png 150w, https:\/\/hivelings.de\/wp-content\/uploads\/2022\/01\/HIV_UU-Biene-11x12.png 11w, https:\/\/hivelings.de\/wp-content\/uploads\/2022\/01\/HIV_UU-Biene-300x300.png 300w, https:\/\/hivelings.de\/wp-content\/uploads\/2022\/01\/HIV_UU-Biene-100x100.png 100w\" sizes=\"(max-width: 150px) 100vw, 150px\" \/>\t\t\t\t\t\t\t\t\t\t\t\t\t\t\t<\/div>\n\t\t\t\t<\/div>\n\t\t\t\t\t<\/div>\n\t\t<\/div>\n\t\t\t\t\t<\/div>\n\t\t<\/section>\n\t\t\t\t\t<\/div>\n\t\t<\/div>\n\t\t\t\t\t<\/div>\n\t\t<\/section>\n\t\t\t\t<section class=\"elementor-section elementor-top-section elementor-element elementor-element-8f4b21d elementor-section-height-min-height panel elementor-section-full_width elementor-section-items-top elementor-section-content-top elementor-section-height-default\" data-id=\"8f4b21d\" data-element_type=\"section\" data-settings=\"{&quot;background_background&quot;:&quot;classic&quot;,&quot;_ha_eqh_enable&quot;:false}\">\n\t\t\t\t\t\t<div class=\"elementor-container elementor-column-gap-default\">\n\t\t\t\t\t<div class=\"elementor-column elementor-col-20 elementor-top-column elementor-element elementor-element-08e4f20 elementor-hidden-mobile\" data-id=\"08e4f20\" data-element_type=\"column\">\n\t\t\t<div class=\"elementor-widget-wrap\">\n\t\t\t\t\t\t\t<\/div>\n\t\t<\/div>\n\t\t\t\t<div class=\"elementor-column elementor-col-20 elementor-top-column elementor-element elementor-element-b1ac4c6\" data-id=\"b1ac4c6\" data-element_type=\"column\">\n\t\t\t<div class=\"elementor-widget-wrap elementor-element-populated\">\n\t\t\t\t\t\t<div class=\"elementor-element elementor-element-c0d8b2f elementor-widget elementor-widget-image\" data-id=\"c0d8b2f\" data-element_type=\"widget\" data-widget_type=\"image.default\">\n\t\t\t\t<div class=\"elementor-widget-container\">\n\t\t\t\t\t\t\t\t\t\t\t\t\t\t\t\t<a href=\"https:\/\/hivelings.de\/en\/\">\n\t\t\t\t\t\t\t<img decoding=\"async\" src=\"https:\/\/hivelings.de\/wp-content\/uploads\/elementor\/thumbs\/Hivelings_Logo-300x300-1-piv3eurvrwca2fvc29ehj2c53mvrwwizndoi7lkvqw.png\" title=\"Hivelings_Logo-300300\" alt=\"Hivelings_Logo-300300\" loading=\"lazy\" \/>\t\t\t\t\t\t\t\t<\/a>\n\t\t\t\t\t\t\t\t\t\t\t\t\t\t\t<\/div>\n\t\t\t\t<\/div>\n\t\t\t\t\t<\/div>\n\t\t<\/div>\n\t\t\t\t<div class=\"elementor-column elementor-col-20 elementor-top-column elementor-element elementor-element-c347d96\" data-id=\"c347d96\" data-element_type=\"column\">\n\t\t\t<div class=\"elementor-widget-wrap elementor-element-populated\">\n\t\t\t\t\t\t<div class=\"elementor-element elementor-element-16ca842 elementor-widget elementor-widget-heading\" data-id=\"16ca842\" data-element_type=\"widget\" data-widget_type=\"heading.default\">\n\t\t\t\t<div class=\"elementor-widget-container\">\n\t\t\t\t\t<h2 class=\"elementor-heading-title elementor-size-default\">Contact<\/h2>\t\t\t\t<\/div>\n\t\t\t\t<\/div>\n\t\t\t\t<div class=\"elementor-element elementor-element-748bb54 elementor-widget elementor-widget-text-editor\" data-id=\"748bb54\" data-element_type=\"widget\" data-widget_type=\"text-editor.default\">\n\t\t\t\t<div class=\"elementor-widget-container\">\n\t\t\t\t\t\t\t\t\t<span style=\"color: var( --e-global-color-secondary ); font-weight: var( --e-global-typography-text-font-weight ); font-size: var(--global--font-size-base);\">Hivelings &#8211; f\u00fcr eine bl\u00fchende Zukunft e.V.<\/span> <br>\nE-Mail: <a href=\"mailto:hallo@hivelings.com\" target=\"hallo@hivelings.com\" rel=\"noopener\">hallo@hivelings.com<\/a>\t\t\t\t\t\t\t\t<\/div>\n\t\t\t\t<\/div>\n\t\t\t\t<div class=\"elementor-element elementor-element-fad00f3 elementor-widget elementor-widget-heading\" data-id=\"fad00f3\" data-element_type=\"widget\" data-widget_type=\"heading.default\">\n\t\t\t\t<div class=\"elementor-widget-container\">\n\t\t\t\t\t<h2 class=\"elementor-heading-title elementor-size-default\">Donation account<\/h2>\t\t\t\t<\/div>\n\t\t\t\t<\/div>\n\t\t\t\t<div class=\"elementor-element elementor-element-1429e93 elementor-widget elementor-widget-text-editor\" data-id=\"1429e93\" data-element_type=\"widget\" data-widget_type=\"text-editor.default\">\n\t\t\t\t<div class=\"elementor-widget-container\">\n\t\t\t\t\t\t\t\t\t<p>Kreissparkasse Ludwigsburg<br \/>IBAN: DE73 6045 0050 0030 2246 12<br \/>BIC: SOLADES1LBG<\/p>\t\t\t\t\t\t\t\t<\/div>\n\t\t\t\t<\/div>\n\t\t\t\t\t<\/div>\n\t\t<\/div>\n\t\t\t\t<div class=\"elementor-column elementor-col-20 elementor-top-column elementor-element elementor-element-db78286\" data-id=\"db78286\" data-element_type=\"column\">\n\t\t\t<div class=\"elementor-widget-wrap elementor-element-populated\">\n\t\t\t\t\t\t<div class=\"elementor-element elementor-element-b591bef elementor-widget elementor-widget-heading\" data-id=\"b591bef\" data-element_type=\"widget\" data-widget_type=\"heading.default\">\n\t\t\t\t<div class=\"elementor-widget-container\">\n\t\t\t\t\t<h2 class=\"elementor-heading-title elementor-size-default\">Follow us<\/h2>\t\t\t\t<\/div>\n\t\t\t\t<\/div>\n\t\t\t\t<div class=\"elementor-element elementor-element-156546f e-grid-align-left elementor-shape-rounded elementor-grid-0 elementor-widget elementor-widget-social-icons\" data-id=\"156546f\" data-element_type=\"widget\" data-widget_type=\"social-icons.default\">\n\t\t\t\t<div class=\"elementor-widget-container\">\n\t\t\t\t\t\t\t<div class=\"elementor-social-icons-wrapper elementor-grid\">\n\t\t\t\t\t\t\t<span class=\"elementor-grid-item\">\n\t\t\t\t\t<a class=\"elementor-icon elementor-social-icon elementor-social-icon-instagram elementor-repeater-item-aea9a23\" href=\"https:\/\/instagram.com\/bienenpatenschaft_mexiko?utm_medium=copy_link\" target=\"_blank\">\n\t\t\t\t\t\t<span class=\"elementor-screen-only\">Instagram<\/span>\n\t\t\t\t\t\t<i class=\"fab fa-instagram\"><\/i>\t\t\t\t\t<\/a>\n\t\t\t\t<\/span>\n\t\t\t\t\t\t\t<span class=\"elementor-grid-item\">\n\t\t\t\t\t<a class=\"elementor-icon elementor-social-icon elementor-social-icon-facebook elementor-repeater-item-c34c8f2\" href=\"https:\/\/www.facebook.com\/hivelings\/\" target=\"_blank\">\n\t\t\t\t\t\t<span class=\"elementor-screen-only\">Facebook<\/span>\n\t\t\t\t\t\t<i class=\"fab fa-facebook\"><\/i>\t\t\t\t\t<\/a>\n\t\t\t\t<\/span>\n\t\t\t\t\t<\/div>\n\t\t\t\t\t\t<\/div>\n\t\t\t\t<\/div>\n\t\t\t\t<div class=\"elementor-element elementor-element-c1ff60c elementor-hidden-desktop elementor-widget elementor-widget-text-editor\" data-id=\"c1ff60c\" data-element_type=\"widget\" data-widget_type=\"text-editor.default\">\n\t\t\t\t<div class=\"elementor-widget-container\">\n\t\t\t\t\t\t\t\t\t<p><a href=\"https:\/\/hivelings.de\/en\/Impressum\/\">Imprint<\/a><br \/><a href=\"https:\/\/hivelings.de\/en\/datenschutz\/\">Privacy<\/a><br \/>Manage privacy<br \/>\u00a92022 Hivelings e.V.<\/p>\t\t\t\t\t\t\t\t<\/div>\n\t\t\t\t<\/div>\n\t\t\t\t\t<\/div>\n\t\t<\/div>\n\t\t\t\t<div class=\"elementor-column elementor-col-20 elementor-top-column elementor-element elementor-element-31b21dc elementor-hidden-tablet elementor-hidden-mobile\" data-id=\"31b21dc\" data-element_type=\"column\">\n\t\t\t<div class=\"elementor-widget-wrap elementor-element-populated\">\n\t\t\t\t\t\t<div class=\"elementor-element elementor-element-765a170 elementor-widget elementor-widget-heading\" data-id=\"765a170\" data-element_type=\"widget\" data-widget_type=\"heading.default\">\n\t\t\t\t<div class=\"elementor-widget-container\">\n\t\t\t\t\t<h2 class=\"elementor-heading-title elementor-size-default\">Navigation<\/h2>\t\t\t\t<\/div>\n\t\t\t\t<\/div>\n\t\t\t\t<div class=\"elementor-element elementor-element-8906239 elementor-widget elementor-widget-text-editor\" data-id=\"8906239\" data-element_type=\"widget\" data-widget_type=\"text-editor.default\">\n\t\t\t\t<div class=\"elementor-widget-container\">\n\t\t\t\t\t\t\t\t\t<p><a href=\"https:\/\/hivelings.de\/en\/impressum\/\">Imprint<\/a><\/p><p><a href=\"https:\/\/hivelings.de\/en\/datenschutz\/\">Privacy<\/a><\/p><p>\u00a92023 Hivelings e.V.<\/p>\t\t\t\t\t\t\t\t<\/div>\n\t\t\t\t<\/div>\n\t\t\t\t<div class=\"elementor-element elementor-element-b4df909 elementor-view-framed elementor-shape-square elementor-widget elementor-widget-icon\" data-id=\"b4df909\" data-element_type=\"widget\" data-widget_type=\"icon.default\">\n\t\t\t\t<div class=\"elementor-widget-container\">\n\t\t\t\t\t\t\t<div class=\"elementor-icon-wrapper\">\n\t\t\t<a class=\"elementor-icon\" href=\"#top\">\n\t\t\t<i aria-hidden=\"true\" class=\"fas fa-angle-up\"><\/i>\t\t\t<\/a>\n\t\t<\/div>\n\t\t\t\t\t\t<\/div>\n\t\t\t\t<\/div>\n\t\t\t\t\t<\/div>\n\t\t<\/div>\n\t\t\t\t\t<\/div>\n\t\t<\/section>\n\t\t\t\t<\/div>","protected":false},"excerpt":{"rendered":"<p>Coming Soon! Erfahre mehr \u00fcber Hivelings Kontakt Hivelings &#8211; f\u00fcr eine bl\u00fchende Zukunft e.V. E-Mail: hallo@hivelings.com Spendenkonto Kreissparkasse LudwigsburgIBAN: DE73 6045 0050 0030 2246 12BIC: SOLADES1LBG Folge uns Instagram Facebook ImpressumDatenschutzDatenschutz verwalten\u00a92022 Hivelings e.V. Navigation Impressum Datenschutz \u00a92023 Hivelings e.V.<\/p>","protected":false},"author":1,"featured_media":0,"parent":0,"menu_order":0,"comment_status":"closed","ping_status":"closed","template":"elementor_canvas","meta":{"footnotes":""},"yoast_head":"<!-- This site is optimized with the Yoast SEO plugin v22.6 - https:\/\/yoast.com\/wordpress\/plugins\/seo\/ -->\n<title>Mehr als Honig<\/title>\n<meta name=\"description\" content=\"Honig - Wir alle kennen und lieben ihn. Trotzdem wissen wir oft gar nicht wieviel mexikanischen Honig wir konsumieren und was das f\u00fcr negative Konsequenzen hat. Bienensterben und Armut sind nur zwei der Facetten, die unbewusster Honiggenuss mit sich bringt. Deswegen wollen wir die Sicht auf Honig umkrempeln!Mit deiner Hilfe f\u00f6rdern wir den Erhalt der globalen Bienenpopulation und der wesensgerechten Imkerei in Mexiko. Werde Teil und und hilf eine langfristige Existenzgrundlage f\u00fcr Familien zu schaffen.\" \/>\n<meta name=\"robots\" content=\"index, follow, max-snippet:-1, max-image-preview:large, max-video-preview:-1\" \/>\n<link rel=\"canonical\" href=\"https:\/\/hivelings.de\/en\/mehr-als-honig\/\" \/>\n<meta property=\"og:locale\" content=\"en_US\" \/>\n<meta property=\"og:type\" content=\"article\" \/>\n<meta property=\"og:title\" content=\"Mehr als Honig\" \/>\n<meta property=\"og:description\" content=\"Honig - Wir alle kennen und lieben ihn. Trotzdem wissen wir oft gar nicht wieviel mexikanischen Honig wir konsumieren und was das f\u00fcr negative Konsequenzen hat. Bienensterben und Armut sind nur zwei der Facetten, die unbewusster Honiggenuss mit sich bringt. Deswegen wollen wir die Sicht auf Honig umkrempeln!Mit deiner Hilfe f\u00f6rdern wir den Erhalt der globalen Bienenpopulation und der wesensgerechten Imkerei in Mexiko. Werde Teil und und hilf eine langfristige Existenzgrundlage f\u00fcr Familien zu schaffen.\" \/>\n<meta property=\"og:url\" content=\"https:\/\/hivelings.de\/en\/mehr-als-honig\/\" \/>\n<meta property=\"og:site_name\" content=\"Hivelings\" \/>\n<meta property=\"article:modified_time\" content=\"2023-12-04T22:15:12+00:00\" \/>\n<meta property=\"og:image\" content=\"https:\/\/hivelings.de\/wp-content\/uploads\/2021\/07\/cropped-Hivelings-Logo-creme-e1640443298269-1024x1024.png\" \/>\n<meta name=\"twitter:card\" content=\"summary_large_image\" \/>\n<meta name=\"twitter:label1\" content=\"Est. reading time\" \/>\n\t<meta name=\"twitter:data1\" content=\"2 minutes\" \/>\n<script type=\"application\/ld+json\" class=\"yoast-schema-graph\">{\"@context\":\"https:\/\/schema.org\",\"@graph\":[{\"@type\":\"WebPage\",\"@id\":\"https:\/\/hivelings.de\/mehr-als-honig\/\",\"url\":\"https:\/\/hivelings.de\/mehr-als-honig\/\",\"name\":\"Mehr als Honig\",\"isPartOf\":{\"@id\":\"https:\/\/hivelings.de\/#website\"},\"primaryImageOfPage\":{\"@id\":\"https:\/\/hivelings.de\/mehr-als-honig\/#primaryimage\"},\"image\":{\"@id\":\"https:\/\/hivelings.de\/mehr-als-honig\/#primaryimage\"},\"thumbnailUrl\":\"https:\/\/hivelings.de\/wp-content\/uploads\/2021\/07\/cropped-Hivelings-Logo-creme-e1640443298269-1024x1024.png\",\"datePublished\":\"2021-07-24T11:50:00+00:00\",\"dateModified\":\"2023-12-04T22:15:12+00:00\",\"description\":\"Honig - Wir alle kennen und lieben ihn. Trotzdem wissen wir oft gar nicht wieviel mexikanischen Honig wir konsumieren und was das f\u00fcr negative Konsequenzen hat. Bienensterben und Armut sind nur zwei der Facetten, die unbewusster Honiggenuss mit sich bringt. Deswegen wollen wir die Sicht auf Honig umkrempeln!Mit deiner Hilfe f\u00f6rdern wir den Erhalt der globalen Bienenpopulation und der wesensgerechten Imkerei in Mexiko. Werde Teil und und hilf eine langfristige Existenzgrundlage f\u00fcr Familien zu schaffen.\",\"breadcrumb\":{\"@id\":\"https:\/\/hivelings.de\/mehr-als-honig\/#breadcrumb\"},\"inLanguage\":\"en-US\",\"potentialAction\":[{\"@type\":\"ReadAction\",\"target\":[\"https:\/\/hivelings.de\/mehr-als-honig\/\"]}]},{\"@type\":\"ImageObject\",\"inLanguage\":\"en-US\",\"@id\":\"https:\/\/hivelings.de\/mehr-als-honig\/#primaryimage\",\"url\":\"https:\/\/hivelings.de\/wp-content\/uploads\/2021\/07\/cropped-Hivelings-Logo-creme-e1640443298269-1024x1024.png\",\"contentUrl\":\"https:\/\/hivelings.de\/wp-content\/uploads\/2021\/07\/cropped-Hivelings-Logo-creme-e1640443298269-1024x1024.png\"},{\"@type\":\"BreadcrumbList\",\"@id\":\"https:\/\/hivelings.de\/mehr-als-honig\/#breadcrumb\",\"itemListElement\":[{\"@type\":\"ListItem\",\"position\":1,\"name\":\"Startseite\",\"item\":\"https:\/\/hivelings.de\/\"},{\"@type\":\"ListItem\",\"position\":2,\"name\":\"Mehr als Honig\"}]},{\"@type\":\"WebSite\",\"@id\":\"https:\/\/hivelings.de\/#website\",\"url\":\"https:\/\/hivelings.de\/\",\"name\":\"Hivelings\",\"description\":\"f\u00fcr eine bl\u00fchende Zukunft\",\"publisher\":{\"@id\":\"https:\/\/hivelings.de\/#organization\"},\"potentialAction\":[{\"@type\":\"SearchAction\",\"target\":{\"@type\":\"EntryPoint\",\"urlTemplate\":\"https:\/\/hivelings.de\/?s={search_term_string}\"},\"query-input\":\"required name=search_term_string\"}],\"inLanguage\":\"en-US\"},{\"@type\":\"Organization\",\"@id\":\"https:\/\/hivelings.de\/#organization\",\"name\":\"Hivelings\",\"url\":\"https:\/\/hivelings.de\/\",\"logo\":{\"@type\":\"ImageObject\",\"inLanguage\":\"en-US\",\"@id\":\"https:\/\/hivelings.de\/#\/schema\/logo\/image\/\",\"url\":\"https:\/\/hivelings.de\/wp-content\/uploads\/2022\/01\/Hivelings_Logo-300x300-1.png\",\"contentUrl\":\"https:\/\/hivelings.de\/wp-content\/uploads\/2022\/01\/Hivelings_Logo-300x300-1.png\",\"width\":300,\"height\":300,\"caption\":\"Hivelings\"},\"image\":{\"@id\":\"https:\/\/hivelings.de\/#\/schema\/logo\/image\/\"}}]}<\/script>\n<!-- \/ Yoast SEO plugin. -->","yoast_head_json":{"title":"More than honey","description":"Honig - Wir alle kennen und lieben ihn. Trotzdem wissen wir oft gar nicht wieviel mexikanischen Honig wir konsumieren und was das f\u00fcr negative Konsequenzen hat. Bienensterben und Armut sind nur zwei der Facetten, die unbewusster Honiggenuss mit sich bringt. Deswegen wollen wir die Sicht auf Honig umkrempeln!Mit deiner Hilfe f\u00f6rdern wir den Erhalt der globalen Bienenpopulation und der wesensgerechten Imkerei in Mexiko. Werde Teil und und hilf eine langfristige Existenzgrundlage f\u00fcr Familien zu schaffen.","robots":{"index":"index","follow":"follow","max-snippet":"max-snippet:-1","max-image-preview":"max-image-preview:large","max-video-preview":"max-video-preview:-1"},"canonical":"https:\/\/hivelings.de\/en\/mehr-als-honig\/","og_locale":"en_US","og_type":"article","og_title":"Mehr als Honig","og_description":"Honig - Wir alle kennen und lieben ihn. Trotzdem wissen wir oft gar nicht wieviel mexikanischen Honig wir konsumieren und was das f\u00fcr negative Konsequenzen hat. Bienensterben und Armut sind nur zwei der Facetten, die unbewusster Honiggenuss mit sich bringt. Deswegen wollen wir die Sicht auf Honig umkrempeln!Mit deiner Hilfe f\u00f6rdern wir den Erhalt der globalen Bienenpopulation und der wesensgerechten Imkerei in Mexiko. Werde Teil und und hilf eine langfristige Existenzgrundlage f\u00fcr Familien zu schaffen.","og_url":"https:\/\/hivelings.de\/en\/mehr-als-honig\/","og_site_name":"Hivelings","article_modified_time":"2023-12-04T22:15:12+00:00","og_image":[{"url":"https:\/\/hivelings.de\/wp-content\/uploads\/2021\/07\/cropped-Hivelings-Logo-creme-e1640443298269-1024x1024.png"}],"twitter_card":"summary_large_image","twitter_misc":{"Est. reading time":"2 minutes"},"schema":{"@context":"https:\/\/schema.org","@graph":[{"@type":"WebPage","@id":"https:\/\/hivelings.de\/mehr-als-honig\/","url":"https:\/\/hivelings.de\/mehr-als-honig\/","name":"More than honey","isPartOf":{"@id":"https:\/\/hivelings.de\/#website"},"primaryImageOfPage":{"@id":"https:\/\/hivelings.de\/mehr-als-honig\/#primaryimage"},"image":{"@id":"https:\/\/hivelings.de\/mehr-als-honig\/#primaryimage"},"thumbnailUrl":"https:\/\/hivelings.de\/wp-content\/uploads\/2021\/07\/cropped-Hivelings-Logo-creme-e1640443298269-1024x1024.png","datePublished":"2021-07-24T11:50:00+00:00","dateModified":"2023-12-04T22:15:12+00:00","description":"Honig - Wir alle kennen und lieben ihn. Trotzdem wissen wir oft gar nicht wieviel mexikanischen Honig wir konsumieren und was das f\u00fcr negative Konsequenzen hat. Bienensterben und Armut sind nur zwei der Facetten, die unbewusster Honiggenuss mit sich bringt. Deswegen wollen wir die Sicht auf Honig umkrempeln!Mit deiner Hilfe f\u00f6rdern wir den Erhalt der globalen Bienenpopulation und der wesensgerechten Imkerei in Mexiko. Werde Teil und und hilf eine langfristige Existenzgrundlage f\u00fcr Familien zu schaffen.","breadcrumb":{"@id":"https:\/\/hivelings.de\/mehr-als-honig\/#breadcrumb"},"inLanguage":"en-US","potentialAction":[{"@type":"ReadAction","target":["https:\/\/hivelings.de\/mehr-als-honig\/"]}]},{"@type":"ImageObject","inLanguage":"en-US","@id":"https:\/\/hivelings.de\/mehr-als-honig\/#primaryimage","url":"https:\/\/hivelings.de\/wp-content\/uploads\/2021\/07\/cropped-Hivelings-Logo-creme-e1640443298269-1024x1024.png","contentUrl":"https:\/\/hivelings.de\/wp-content\/uploads\/2021\/07\/cropped-Hivelings-Logo-creme-e1640443298269-1024x1024.png"},{"@type":"BreadcrumbList","@id":"https:\/\/hivelings.de\/mehr-als-honig\/#breadcrumb","itemListElement":[{"@type":"ListItem","position":1,"name":"Startseite","item":"https:\/\/hivelings.de\/"},{"@type":"ListItem","position":2,"name":"Mehr als Honig"}]},{"@type":"WebSite","@id":"https:\/\/hivelings.de\/#website","url":"https:\/\/hivelings.de\/","name":"Hivelings","description":"f\u00fcr eine bl\u00fchende Zukunft","publisher":{"@id":"https:\/\/hivelings.de\/#organization"},"potentialAction":[{"@type":"SearchAction","target":{"@type":"EntryPoint","urlTemplate":"https:\/\/hivelings.de\/?s={search_term_string}"},"query-input":"required name=search_term_string"}],"inLanguage":"en-US"},{"@type":"Organization","@id":"https:\/\/hivelings.de\/#organization","name":"Hivelings","url":"https:\/\/hivelings.de\/","logo":{"@type":"ImageObject","inLanguage":"en-US","@id":"https:\/\/hivelings.de\/#\/schema\/logo\/image\/","url":"https:\/\/hivelings.de\/wp-content\/uploads\/2022\/01\/Hivelings_Logo-300x300-1.png","contentUrl":"https:\/\/hivelings.de\/wp-content\/uploads\/2022\/01\/Hivelings_Logo-300x300-1.png","width":300,"height":300,"caption":"Hivelings"},"image":{"@id":"https:\/\/hivelings.de\/#\/schema\/logo\/image\/"}}]}},"_links":{"self":[{"href":"https:\/\/hivelings.de\/en\/wp-json\/wp\/v2\/pages\/44"}],"collection":[{"href":"https:\/\/hivelings.de\/en\/wp-json\/wp\/v2\/pages"}],"about":[{"href":"https:\/\/hivelings.de\/en\/wp-json\/wp\/v2\/types\/page"}],"author":[{"embeddable":true,"href":"https:\/\/hivelings.de\/en\/wp-json\/wp\/v2\/users\/1"}],"replies":[{"embeddable":true,"href":"https:\/\/hivelings.de\/en\/wp-json\/wp\/v2\/comments?post=44"}],"version-history":[{"count":35,"href":"https:\/\/hivelings.de\/en\/wp-json\/wp\/v2\/pages\/44\/revisions"}],"predecessor-version":[{"id":3457,"href":"https:\/\/hivelings.de\/en\/wp-json\/wp\/v2\/pages\/44\/revisions\/3457"}],"wp:attachment":[{"href":"https:\/\/hivelings.de\/en\/wp-json\/wp\/v2\/media?parent=44"}],"curies":[{"name":"wp","href":"https:\/\/api.w.org\/{rel}","templated":true}]}}